{"id":91,"date":"2024-03-26T12:53:59","date_gmt":"2024-03-26T11:53:59","guid":{"rendered":"https:\/\/zuefle.info\/firma2\/?page_id=91"},"modified":"2024-03-26T12:53:59","modified_gmt":"2024-03-26T11:53:59","slug":"start_de","status":"publish","type":"page","link":"https:\/\/www.zett-engineering.com\/","title":{"rendered":"Start_de"},"content":{"rendered":"\n<h4 class=\"wp-block-heading\"><strong>Herzlich Willkommen bei ZETT engineering GmbH<\/strong><\/h4>\n\n\n\n<p>Seit 2011 bietet die Firma ZETT engineering GmbH Ihren Kunden Know-how im Bereich Prototyping, Engineering und Service. Damit unterst\u00fctzen wir Firmen weltweit bei der Fertigung von unterschiedlichsten Bauteilen und Instandhaltung Ihrer Anlagen. Sowie ebenso bei der Entwicklung, Konzeption und Fertigung neuer Komponenten. Unsere Flexibilit\u00e4t erm\u00f6glicht es uns hier sowohl gr\u00f6\u00dfere Serien als auch Kleinmengen f\u00fcr unsere Kunden auflegen zu k\u00f6nnen.<\/p>\n\n\n\n<p>Durch unsere langj\u00e4hrige Erfahrung im Bereich Service und Engineering und mit Hilfe unserer vielf\u00e4ltigen Partnern sind wir heute in der Lage unsere Kunden rund um den Globus in k\u00fcrzester Zeit mit Ersatzteilen f\u00fcr Ihre Anlagen zu versorgen, um eine unterbrechungsfreie Produktion zu erm\u00f6glichen. Daher unser Motto \u201ekeep on running\u2026\u201c<\/p>\n","protected":false},"excerpt":{"rendered":"<p>Herzlich Willkommen bei ZETT engineering GmbH Seit 2011 bietet die Firma ZETT engineering GmbH Ihren Kunden Know-how im Bereich Prototyping, Engineering und Service. Damit unterst\u00fctzen wir Firmen weltweit bei der Fertigung von unterschiedlichsten Bauteilen und Instandhaltung Ihrer Anlagen. Sowie ebenso bei der Entwicklung, Konzeption und Fertigung neuer Komponenten. Unsere Flexibilit\u00e4t erm\u00f6glicht es uns hier sowohl gr\u00f6\u00dfere Serien als auch Kleinmengen f\u00fcr unsere Kunden auflegen zu k\u00f6nnen. Durch unsere langj\u00e4hrige Erfahrung im Bereich Service und Engineering und mit Hilfe unserer vielf\u00e4ltigen Partnern sind wir heute in der Lage unsere Kunden rund um den Globus in k\u00fcrzester Zeit mit Ersatzteilen f\u00fcr Ihre Anlagen zu versorgen, um eine unterbrechungsfreie Produktion zu erm\u00f6glichen. Daher unser Motto \u201ekeep on running\u2026\u201c<\/p>\n","protected":false},"author":1,"featured_media":0,"parent":0,"menu_order":0,"comment_status":"closed","ping_status":"closed","template":"","meta":{"footnotes":""},"class_list":["post-91","page","type-page","status-publish","hentry"],"jetpack_sharing_enabled":true,"_links":{"self":[{"href":"https:\/\/www.zett-engineering.com\/index.php\/wp-json\/wp\/v2\/pages\/91","targetHints":{"allow":["GET"]}}],"collection":[{"href":"https:\/\/www.zett-engineering.com\/index.php\/wp-json\/wp\/v2\/pages"}],"about":[{"href":"https:\/\/www.zett-engineering.com\/index.php\/wp-json\/wp\/v2\/types\/page"}],"author":[{"embeddable":true,"href":"https:\/\/www.zett-engineering.com\/index.php\/wp-json\/wp\/v2\/users\/1"}],"replies":[{"embeddable":true,"href":"https:\/\/www.zett-engineering.com\/index.php\/wp-json\/wp\/v2\/comments?post=91"}],"version-history":[{"count":1,"href":"https:\/\/www.zett-engineering.com\/index.php\/wp-json\/wp\/v2\/pages\/91\/revisions"}],"predecessor-version":[{"id":92,"href":"https:\/\/www.zett-engineering.com\/index.php\/wp-json\/wp\/v2\/pages\/91\/revisions\/92"}],"wp:attachment":[{"href":"https:\/\/www.zett-engineering.com\/index.php\/wp-json\/wp\/v2\/media?parent=91"}],"curies":[{"name":"wp","href":"https:\/\/api.w.org\/{rel}","templated":true}]}}