{"id":84,"date":"2024-03-26T12:48:11","date_gmt":"2024-03-26T11:48:11","guid":{"rendered":"https:\/\/zuefle.info\/firma2\/?page_id=84"},"modified":"2024-03-26T12:52:23","modified_gmt":"2024-03-26T11:52:23","slug":"service","status":"publish","type":"page","link":"https:\/\/www.zett-engineering.com\/index.php\/service\/","title":{"rendered":"Service"},"content":{"rendered":"\n<h5 class=\"wp-block-heading\">Unser Serviceangebot &#8211; Professionell und kundenorientiert<\/h5>\n\n\n\n<p>Wir m\u00f6chten, dass unsere Kunden zufrieden sind. F\u00fcr unseren Service ist es deshalb besonders wichtig, dass Sie eine hervorragende Servicequalit\u00e4t erhalten. Wo immer Sie auf der Welt zu Hause sind, wir helfen Ihnen so schnell wie m\u00f6glich.<\/p>\n\n\n\n<h5 class=\"wp-block-heading\">Partnerschaftlich Probleme l\u00f6sen<\/h5>\n\n\n\n<p>Unser Service deckt alle Fragen rund um Ihre Maschinen und Anlagen ab. Dazu geh\u00f6ren vor allem unser Ersatzteilservice, aber ebenso&nbsp;unser&nbsp;Angebot an Um- und Nachr\u00fcstung Ihrer Spritzgie\u00dfmaschine sowie Instandsetzung und Wartung Ihrer Maschinen. Sprechen Sie mit uns \u2013 wir beraten Sie gerne und finden f\u00fcr Sie die passende L\u00f6sung.<\/p>\n\n\n\n<h5 class=\"wp-block-heading\">Weltweiter Ersatzteilversand<\/h5>\n\n\n\n<p>Bei uns erhalten Sie Standard- und Spezial-Ersatzteile f\u00fcr unsere eigenen Anlagen und Komponenten, sowie f\u00fcr FAHR BUCHER (SGA) und BUCHER (TS) Spritzgie\u00dfmaschinen und Pressen.<br>Im Moment halten wir ein umfangreiches Lager mit \u00fcber 6.000 verf\u00fcgbaren Teilen mit sofortiger Lieferbereitschaft und zur Auslieferung innerhalb von 24 Stunden bereit.<\/p>\n\n\n\n<h5 class=\"wp-block-heading\">Als Ersatzteile bieten wird unter anderem&#8230;<\/h5>\n\n\n\n<ul class=\"wp-block-list\">\n<li><em><strong>Hydraulikkomponenten<\/strong><\/em><\/li>\n\n\n\n<li><em><strong>Dichtungen &amp; Filter<\/strong><\/em><\/li>\n\n\n\n<li><em><strong>Schneckenspitzen &amp; R\u00fcckstromsperren<\/strong><\/em><\/li>\n\n\n\n<li><em><strong>Plastifizier Schnecken &amp; Zylinder<\/strong><\/em><\/li>\n\n\n\n<li><em><strong>Elektronik Ersatzteile<\/strong><\/em><\/li>\n\n\n\n<li><em><strong>Steuerungskomponenten<\/strong><\/em><\/li>\n\n\n\n<li><em><strong>Motoren &amp; Pumpen<\/strong><\/em><\/li>\n<\/ul>\n\n\n\n<div class=\"wp-block-cb-carousel\" data-slick=\"{&quot;slidesToShow&quot;:4,&quot;slidesToScroll&quot;:1,&quot;speed&quot;:300,&quot;arrows&quot;:true,&quot;dots&quot;:true,&quot;autoplay&quot;:true,&quot;autoplaySpeed&quot;:3000,&quot;infinite&quot;:true,&quot;responsive&quot;:[{&quot;breakpoint&quot;:769,&quot;settings&quot;:{&quot;slidesToShow&quot;:1,&quot;slidesToScroll&quot;:1}}]}\">\n<div class=\"wp-block-cb-slide\">\n<figure class=\"wp-block-image size-large\"><img loading=\"lazy\" decoding=\"async\" width=\"1024\" height=\"535\" src=\"https:\/\/zuefle.info\/firma2\/wp-content\/uploads\/2024\/03\/hzylinder-1024x535.png\" alt=\"\" class=\"wp-image-11\" srcset=\"https:\/\/www.zett-engineering.com\/wp-content\/uploads\/2024\/03\/hzylinder-1024x535.png 1024w, https:\/\/www.zett-engineering.com\/wp-content\/uploads\/2024\/03\/hzylinder-300x157.png 300w, https:\/\/www.zett-engineering.com\/wp-content\/uploads\/2024\/03\/hzylinder-768x402.png 768w, https:\/\/www.zett-engineering.com\/wp-content\/uploads\/2024\/03\/hzylinder.png 1335w\" sizes=\"auto, (max-width: 1024px) 100vw, 1024px\" \/><\/figure>\n<\/div>\n\n\n\n<div class=\"wp-block-cb-slide\">\n<figure class=\"wp-block-image size-full\"><img loading=\"lazy\" decoding=\"async\" width=\"587\" height=\"314\" src=\"https:\/\/zuefle.info\/firma2\/wp-content\/uploads\/2024\/03\/logo_fahr_bucher_rot.png\" alt=\"\" class=\"wp-image-17\" srcset=\"https:\/\/www.zett-engineering.com\/wp-content\/uploads\/2024\/03\/logo_fahr_bucher_rot.png 587w, https:\/\/www.zett-engineering.com\/wp-content\/uploads\/2024\/03\/logo_fahr_bucher_rot-300x160.png 300w\" sizes=\"auto, (max-width: 587px) 100vw, 587px\" \/><\/figure>\n<\/div>\n\n\n\n<div class=\"wp-block-cb-slide\">\n<figure class=\"wp-block-image size-full\"><img loading=\"lazy\" decoding=\"async\" width=\"996\" height=\"846\" src=\"https:\/\/zuefle.info\/firma2\/wp-content\/uploads\/2024\/03\/ventil.png\" alt=\"\" class=\"wp-image-12\" srcset=\"https:\/\/www.zett-engineering.com\/wp-content\/uploads\/2024\/03\/ventil.png 996w, https:\/\/www.zett-engineering.com\/wp-content\/uploads\/2024\/03\/ventil-300x255.png 300w, https:\/\/www.zett-engineering.com\/wp-content\/uploads\/2024\/03\/ventil-768x652.png 768w\" sizes=\"auto, (max-width: 996px) 100vw, 996px\" \/><\/figure>\n<\/div>\n\n\n\n<div class=\"wp-block-cb-slide\">\n<figure class=\"wp-block-image size-large\"><img loading=\"lazy\" decoding=\"async\" width=\"1024\" height=\"503\" src=\"https:\/\/zuefle.info\/firma2\/wp-content\/uploads\/2024\/03\/zylinder-1024x503.png\" alt=\"\" class=\"wp-image-13\" srcset=\"https:\/\/www.zett-engineering.com\/wp-content\/uploads\/2024\/03\/zylinder-1024x503.png 1024w, https:\/\/www.zett-engineering.com\/wp-content\/uploads\/2024\/03\/zylinder-300x147.png 300w, https:\/\/www.zett-engineering.com\/wp-content\/uploads\/2024\/03\/zylinder-768x377.png 768w, https:\/\/www.zett-engineering.com\/wp-content\/uploads\/2024\/03\/zylinder-1536x754.png 1536w, https:\/\/www.zett-engineering.com\/wp-content\/uploads\/2024\/03\/zylinder.png 2012w\" sizes=\"auto, (max-width: 1024px) 100vw, 1024px\" \/><\/figure>\n<\/div>\n\n\n\n<div class=\"wp-block-cb-slide\">\n<figure class=\"wp-block-image size-full\"><img loading=\"lazy\" decoding=\"async\" width=\"1024\" height=\"447\" src=\"https:\/\/zuefle.info\/firma2\/wp-content\/uploads\/2024\/03\/schnecke.png\" alt=\"\" class=\"wp-image-15\" srcset=\"https:\/\/www.zett-engineering.com\/wp-content\/uploads\/2024\/03\/schnecke.png 1024w, https:\/\/www.zett-engineering.com\/wp-content\/uploads\/2024\/03\/schnecke-300x131.png 300w, https:\/\/www.zett-engineering.com\/wp-content\/uploads\/2024\/03\/schnecke-768x335.png 768w\" sizes=\"auto, (max-width: 1024px) 100vw, 1024px\" \/><\/figure>\n<\/div>\n\n\n\n<div class=\"wp-block-cb-slide\">\n<figure class=\"wp-block-image size-full\"><img loading=\"lazy\" decoding=\"async\" width=\"470\" height=\"141\" src=\"https:\/\/zuefle.info\/firma2\/wp-content\/uploads\/2024\/03\/logo_bucher.png\" alt=\"\" class=\"wp-image-19\" srcset=\"https:\/\/www.zett-engineering.com\/wp-content\/uploads\/2024\/03\/logo_bucher.png 470w, https:\/\/www.zett-engineering.com\/wp-content\/uploads\/2024\/03\/logo_bucher-300x90.png 300w\" sizes=\"auto, (max-width: 470px) 100vw, 470px\" \/><\/figure>\n<\/div>\n\n\n\n<div class=\"wp-block-cb-slide\">\n<figure class=\"wp-block-image size-full\"><img loading=\"lazy\" decoding=\"async\" width=\"979\" height=\"549\" src=\"https:\/\/zuefle.info\/firma2\/wp-content\/uploads\/2024\/03\/pumpe.png\" alt=\"\" class=\"wp-image-14\" srcset=\"https:\/\/www.zett-engineering.com\/wp-content\/uploads\/2024\/03\/pumpe.png 979w, https:\/\/www.zett-engineering.com\/wp-content\/uploads\/2024\/03\/pumpe-300x168.png 300w, https:\/\/www.zett-engineering.com\/wp-content\/uploads\/2024\/03\/pumpe-768x431.png 768w\" sizes=\"auto, (max-width: 979px) 100vw, 979px\" \/><\/figure>\n<\/div>\n\n\n\n<div class=\"wp-block-cb-slide\">\n<figure class=\"wp-block-image size-full\"><img loading=\"lazy\" decoding=\"async\" width=\"1000\" height=\"667\" src=\"https:\/\/zuefle.info\/firma2\/wp-content\/uploads\/2024\/03\/S880.png\" alt=\"\" class=\"wp-image-21\" srcset=\"https:\/\/www.zett-engineering.com\/wp-content\/uploads\/2024\/03\/S880.png 1000w, https:\/\/www.zett-engineering.com\/wp-content\/uploads\/2024\/03\/S880-300x200.png 300w, https:\/\/www.zett-engineering.com\/wp-content\/uploads\/2024\/03\/S880-768x512.png 768w\" sizes=\"auto, (max-width: 1000px) 100vw, 1000px\" \/><\/figure>\n<\/div>\n\n\n\n<div class=\"wp-block-cb-slide\">\n<figure class=\"wp-block-image size-full\"><img loading=\"lazy\" decoding=\"async\" width=\"547\" height=\"457\" src=\"https:\/\/zuefle.info\/firma2\/wp-content\/uploads\/2024\/03\/sensor.png\" alt=\"\" class=\"wp-image-16\" srcset=\"https:\/\/www.zett-engineering.com\/wp-content\/uploads\/2024\/03\/sensor.png 547w, https:\/\/www.zett-engineering.com\/wp-content\/uploads\/2024\/03\/sensor-300x251.png 300w\" sizes=\"auto, (max-width: 547px) 100vw, 547px\" \/><\/figure>\n<\/div>\n<\/div>\n","protected":false},"excerpt":{"rendered":"<p>Unser Serviceangebot &#8211; Professionell und kundenorientiert Wir m\u00f6chten, dass unsere Kunden zufrieden sind. F\u00fcr unseren Service ist es deshalb besonders wichtig, dass Sie eine hervorragende Servicequalit\u00e4t erhalten. Wo immer Sie auf der Welt zu Hause sind, wir helfen Ihnen so schnell wie m\u00f6glich. Partnerschaftlich Probleme l\u00f6sen Unser Service deckt alle Fragen rund um Ihre Maschinen und Anlagen ab. Dazu geh\u00f6ren vor allem unser Ersatzteilservice, aber ebenso&nbsp;unser&nbsp;Angebot an Um- und Nachr\u00fcstung Ihrer Spritzgie\u00dfmaschine sowie Instandsetzung und Wartung Ihrer Maschinen. Sprechen Sie mit uns \u2013 wir beraten Sie gerne und finden f\u00fcr Sie die passende L\u00f6sung. Weltweiter Ersatzteilversand Bei uns erhalten Sie Standard- und Spezial-Ersatzteile f\u00fcr unsere eigenen Anlagen und Komponenten, sowie f\u00fcr FAHR BUCHER (SGA) und BUCHER (TS) Spritzgie\u00dfmaschinen und Pressen.Im Moment halten wir ein umfangreiches Lager mit \u00fcber 6.000 verf\u00fcgbaren Teilen mit sofortiger Lieferbereitschaft und zur Auslieferung innerhalb von 24 Stunden bereit. Als Ersatzteile bieten wird unter anderem&#8230;<\/p>\n","protected":false},"author":1,"featured_media":0,"parent":0,"menu_order":0,"comment_status":"closed","ping_status":"closed","template":"","meta":{"footnotes":""},"class_list":["post-84","page","type-page","status-publish","hentry"],"jetpack_sharing_enabled":true,"_links":{"self":[{"href":"https:\/\/www.zett-engineering.com\/index.php\/wp-json\/wp\/v2\/pages\/84","targetHints":{"allow":["GET"]}}],"collection":[{"href":"https:\/\/www.zett-engineering.com\/index.php\/wp-json\/wp\/v2\/pages"}],"about":[{"href":"https:\/\/www.zett-engineering.com\/index.php\/wp-json\/wp\/v2\/types\/page"}],"author":[{"embeddable":true,"href":"https:\/\/www.zett-engineering.com\/index.php\/wp-json\/wp\/v2\/users\/1"}],"replies":[{"embeddable":true,"href":"https:\/\/www.zett-engineering.com\/index.php\/wp-json\/wp\/v2\/comments?post=84"}],"version-history":[{"count":2,"href":"https:\/\/www.zett-engineering.com\/index.php\/wp-json\/wp\/v2\/pages\/84\/revisions"}],"predecessor-version":[{"id":87,"href":"https:\/\/www.zett-engineering.com\/index.php\/wp-json\/wp\/v2\/pages\/84\/revisions\/87"}],"wp:attachment":[{"href":"https:\/\/www.zett-engineering.com\/index.php\/wp-json\/wp\/v2\/media?parent=84"}],"curies":[{"name":"wp","href":"https:\/\/api.w.org\/{rel}","templated":true}]}}