{"id":82,"date":"2024-03-26T12:10:10","date_gmt":"2024-03-26T11:10:10","guid":{"rendered":"https:\/\/zuefle.info\/firma2\/?page_id=82"},"modified":"2024-03-26T12:10:10","modified_gmt":"2024-03-26T11:10:10","slug":"ueber-uns","status":"publish","type":"page","link":"https:\/\/www.zett-engineering.com\/index.php\/ueber-uns\/","title":{"rendered":"\u00dcber uns"},"content":{"rendered":"\n<p>Nach \u00fcber zwanzig Jahren in leitenden Positionen des Maschinenbaus, hierunter FAHR-BUCHER und Krauss-Maffei, gr\u00fcndete Michael Z\u00fcfle 2001 das gleichnamige Ingenieurb\u00fcro mit dem Ziel die langj\u00e4hrige Erfahrung im Technologieintensiven Maschinenbau bez\u00fcglich Konstruktion, Entwicklung und Produktion auch kleineren Unternehmen in Form von Engineering und Prototyping zur Verf\u00fcgung zu stellen.<\/p>\n\n\n\n<p>Nach der Insolvenz der Firma hwtech im Jahre 2009 wurden s\u00e4mtliche Aktivit\u00e4ten zum Service und der Ersatzteilversorgung der BUCHER und FAHR-BUCHER Spritzgiesmaschinen sowie der ehemaligen Battenfeld Duroplastpressen \u00fcbernommen.<\/p>\n\n\n\n<p>Damit stehen alle Originalunterlagen und Zeichnungen zu diesen Maschinen zur Instandhaltung und wirtschaftlichen Nutzung mit der notwendigen Kompetenz weiterhin zur Verf\u00fcgung.<\/p>\n\n\n\n<p>Das Ingenieurb\u00fcro entwickelte sich aus dieser Konstellation kontinuierlich von einem reinen Softwaredienstleister zu einem Unternehmen mit umfassendem Know-how im Bereich Prototyping, Engineering und Service weiter. <\/p>\n\n\n\n<p>Um dem Rechnung zu tragen wurden die Aktivit\u00e4ten des Ingenieurb\u00fcros im Jahr 2011 in die neu gegr\u00fcndete ZETT engineering GmbH \u00fcbertragen. Diese Neuausrichtung und Neugr\u00fcndung ist die Konsequenz aus der \u00dcbernahme neuer Gesch\u00e4ftsfelder und der zunehmende Anzahl internationaler Projekte und Kunden.<\/p>\n\n\n\n<p>Bis heute unterst\u00fctzt die ZETT engineering GmbH ihre internationalen Kunden somit dabei Ihre Anlagen kontinuierlich weiter zu entwickeln und am Laufen zu halten.<\/p>\n\n\n\n<p><strong>Keep on running&#8230;<\/strong><\/p>\n","protected":false},"excerpt":{"rendered":"<p>Nach \u00fcber zwanzig Jahren in leitenden Positionen des Maschinenbaus, hierunter FAHR-BUCHER und Krauss-Maffei, gr\u00fcndete Michael Z\u00fcfle 2001 das gleichnamige Ingenieurb\u00fcro mit dem Ziel die langj\u00e4hrige Erfahrung im Technologieintensiven Maschinenbau bez\u00fcglich Konstruktion, Entwicklung und Produktion auch kleineren Unternehmen in Form von Engineering und Prototyping zur Verf\u00fcgung zu stellen. Nach der Insolvenz der Firma hwtech im Jahre 2009 wurden s\u00e4mtliche Aktivit\u00e4ten zum Service und der Ersatzteilversorgung der BUCHER und FAHR-BUCHER Spritzgiesmaschinen sowie der ehemaligen Battenfeld Duroplastpressen \u00fcbernommen. Damit stehen alle Originalunterlagen und Zeichnungen zu diesen Maschinen zur Instandhaltung und wirtschaftlichen Nutzung mit der notwendigen Kompetenz weiterhin zur Verf\u00fcgung. Das Ingenieurb\u00fcro entwickelte sich aus dieser Konstellation kontinuierlich von einem reinen Softwaredienstleister zu einem Unternehmen mit umfassendem Know-how im Bereich Prototyping, Engineering und Service weiter. Um dem Rechnung zu tragen wurden die Aktivit\u00e4ten des Ingenieurb\u00fcros im Jahr 2011 in die neu gegr\u00fcndete ZETT engineering GmbH \u00fcbertragen. Diese Neuausrichtung und Neugr\u00fcndung ist die Konsequenz aus der \u00dcbernahme neuer Gesch\u00e4ftsfelder und der zunehmende Anzahl internationaler Projekte und Kunden. Bis heute unterst\u00fctzt die ZETT engineering GmbH ihre internationalen Kunden somit dabei Ihre Anlagen kontinuierlich weiter zu entwickeln und am Laufen zu halten. Keep on running&#8230;<\/p>\n","protected":false},"author":1,"featured_media":0,"parent":0,"menu_order":0,"comment_status":"closed","ping_status":"closed","template":"","meta":{"footnotes":""},"class_list":["post-82","page","type-page","status-publish","hentry"],"jetpack_sharing_enabled":true,"_links":{"self":[{"href":"https:\/\/www.zett-engineering.com\/index.php\/wp-json\/wp\/v2\/pages\/82","targetHints":{"allow":["GET"]}}],"collection":[{"href":"https:\/\/www.zett-engineering.com\/index.php\/wp-json\/wp\/v2\/pages"}],"about":[{"href":"https:\/\/www.zett-engineering.com\/index.php\/wp-json\/wp\/v2\/types\/page"}],"author":[{"embeddable":true,"href":"https:\/\/www.zett-engineering.com\/index.php\/wp-json\/wp\/v2\/users\/1"}],"replies":[{"embeddable":true,"href":"https:\/\/www.zett-engineering.com\/index.php\/wp-json\/wp\/v2\/comments?post=82"}],"version-history":[{"count":1,"href":"https:\/\/www.zett-engineering.com\/index.php\/wp-json\/wp\/v2\/pages\/82\/revisions"}],"predecessor-version":[{"id":83,"href":"https:\/\/www.zett-engineering.com\/index.php\/wp-json\/wp\/v2\/pages\/82\/revisions\/83"}],"wp:attachment":[{"href":"https:\/\/www.zett-engineering.com\/index.php\/wp-json\/wp\/v2\/media?parent=82"}],"curies":[{"name":"wp","href":"https:\/\/api.w.org\/{rel}","templated":true}]}}